{"id":402,"date":"2024-03-20T16:58:40","date_gmt":"2024-03-20T16:58:40","guid":{"rendered":"https:\/\/cdh.rula.info\/y90s-launch\/?page_id=402"},"modified":"2024-03-23T13:19:28","modified_gmt":"2024-03-23T13:19:28","slug":"y90s-print","status":"publish","type":"page","link":"https:\/\/cdh.rula.info\/y90s-launch\/y90s-print\/","title":{"rendered":"Y90s Research in Print"},"content":{"rendered":"<p>[et_pb_section fb_built=&#8221;1&#8243; _builder_version=&#8221;4.5.3&#8243; _module_preset=&#8221;default&#8221; background_color=&#8221;#F9F6EE&#8221; z_index=&#8221;60&#8243; width=&#8221;100%&#8221; module_alignment=&#8221;center&#8221; min_height=&#8221;18.1px&#8221; custom_margin=&#8221;||0px||false|false&#8221; custom_padding=&#8221;0px||0px||false|false&#8221; border_color_all=&#8221;#ffffff&#8221;][et_pb_row _builder_version=&#8221;4.5.3&#8243; _module_preset=&#8221;default&#8221; background_color=&#8221;#6b3535&#8243; width=&#8221;100%&#8221; max_width=&#8221;100%&#8221; max_width_last_edited=&#8221;off|desktop&#8221; module_alignment=&#8221;center&#8221; custom_margin=&#8221;0px|0px|0px|0px|false|false&#8221; custom_padding=&#8221;5px|0px|5px|0px|false|false&#8221; module_alignment_tablet=&#8221;&#8221; module_alignment_phone=&#8221;&#8221; module_alignment_last_edited=&#8221;on|desktop&#8221; border_color_all=&#8221;rgba(0,0,0,0)&#8221; border_color_bottom=&#8221;#b3b3b3&#8243;][et_pb_column type=&#8221;4_4&#8243; _builder_version=&#8221;4.5.3&#8243; _module_preset=&#8221;default&#8221;][et_pb_menu menu_style=&#8221;centered&#8221; dropdown_menu_bg_color=&#8221;#ffffff&#8221; dropdown_menu_line_color=&#8221;#ffffff&#8221; dropdown_menu_text_color=&#8221;#000000&#8243; dropdown_menu_active_link_color=&#8221;#0c71c3&#8243; mobile_menu_bg_color=&#8221;#ffffff&#8221; mobile_menu_text_color=&#8221;#000000&#8243; _builder_version=&#8221;4.5.3&#8243; _module_preset=&#8221;default&#8221; menu_font=&#8221;Alegreya Sans SC||||||||&#8221; menu_text_color=&#8221;#ffffff&#8221; menu_font_size=&#8221;15px&#8221; menu_letter_spacing=&#8221;1px&#8221; background_color=&#8221;#6b3535&#8243; width=&#8221;100%&#8221; module_alignment=&#8221;right&#8221; overflow-x=&#8221;visible&#8221; overflow-y=&#8221;visible&#8221; custom_margin=&#8221;|0px||0px|false|false&#8221; custom_padding=&#8221;|||0px|false|false&#8221;][\/et_pb_menu][\/et_pb_column][\/et_pb_row][\/et_pb_section][et_pb_section fb_built=&#8221;1&#8243; _builder_version=&#8221;4.5.3&#8243; _module_preset=&#8221;default&#8221; background_color=&#8221;#f9efd1&#8243; width=&#8221;100%&#8221; module_alignment=&#8221;center&#8221; min_height=&#8221;142.4px&#8221; custom_margin=&#8221;||0px||false|false&#8221; custom_padding=&#8221;0px||0px||false|false&#8221; border_color_all=&#8221;#ffffff&#8221; box_shadow_style=&#8221;preset3&#8243; box_shadow_spread=&#8221;-19px&#8221;][et_pb_row _builder_version=&#8221;4.5.3&#8243; _module_preset=&#8221;default&#8221; background_color=&#8221;rgba(0,0,0,0)&#8221; width=&#8221;60%&#8221; custom_margin=&#8221;||0px||false|false&#8221; custom_padding=&#8221;||10px||false|false&#8221; border_color_bottom=&#8221;#000000&#8243; border_style_bottom=&#8221;double&#8221;][et_pb_column type=&#8221;4_4&#8243; _builder_version=&#8221;4.5.3&#8243; _module_preset=&#8221;default&#8221;][et_pb_text _builder_version=&#8221;4.5.3&#8243; _module_preset=&#8221;default&#8221; text_text_color=&#8221;#5b8500&#8243; text_font_size=&#8221;30px&#8221; header_font=&#8221;Alegreya||||||||&#8221; header_text_color=&#8221;#000000&#8243; header_font_size=&#8221;40px&#8221; header_2_font=&#8221;Alegreya Sans SC||||||||&#8221; header_2_text_color=&#8221;#5b8500&#8243; header_2_font_size=&#8221;22px&#8221; header_2_letter_spacing=&#8221;0.5px&#8221; header_2_line_height=&#8221;1.2em&#8221; width=&#8221;100%&#8221; custom_margin=&#8221;|||0px|false|false&#8221; custom_padding=&#8221;10px|10px||10px|false|false&#8221; link_option_url=&#8221;https:\/\/cdh.rula.info\/y90s-launch\/&#8221; header_font_tablet=&#8221;&#8221; header_font_phone=&#8221;&#8221; header_font_last_edited=&#8221;on|tablet&#8221; header_font_size_tablet=&#8221;34px&#8221; header_font_size_phone=&#8221;37px&#8221; header_font_size_last_edited=&#8221;on|phone&#8221; header_2_font_tablet=&#8221;&#8221; header_2_font_phone=&#8221;&#8221; header_2_font_last_edited=&#8221;on|phone&#8221;]<\/p>\n<h1 style=\"text-align: left;\">Launching Yellow Nineties 2.0<\/h1>\n<h2 style=\"text-align: right;\">A SYMPOSIUM &amp; CELEBRATION<\/h2>\n<p>[\/et_pb_text][\/et_pb_column][\/et_pb_row][\/et_pb_section][et_pb_section fb_built=&#8221;1&#8243; _builder_version=&#8221;4.5.3&#8243; _module_preset=&#8221;default&#8221; background_color=&#8221;#ededed&#8221; width=&#8221;100%&#8221; module_alignment=&#8221;center&#8221; custom_margin=&#8221;0px||||false|false&#8221; custom_padding=&#8221;0px||||false|false&#8221; animation_style=&#8221;fade&#8221; hover_transition_duration=&#8221;2000ms&#8221; hover_transition_speed_curve=&#8221;linear&#8221; border_color_all=&#8221;#ffffff&#8221;][et_pb_row _builder_version=&#8221;4.5.3&#8243; _module_preset=&#8221;default&#8221; width=&#8221;60%&#8221; width_tablet=&#8221;75%&#8221; width_phone=&#8221;75%&#8221; width_last_edited=&#8221;on|desktop&#8221; custom_padding=&#8221;40px||0px|0px|false|false&#8221;][et_pb_column type=&#8221;4_4&#8243; _builder_version=&#8221;4.5.3&#8243; _module_preset=&#8221;default&#8221;][et_pb_text _builder_version=&#8221;4.5.3&#8243; _module_preset=&#8221;default&#8221; header_font=&#8221;Alegreya||||||||&#8221; header_2_font=&#8221;Alegreya||||||||&#8221; header_2_font_size=&#8221;24px&#8221;]<\/p>\n<h2><span style=\"color: #ff0000;\">\u2766<\/span> <span style=\"color: #6b3535;\">A Selection of Sources by Research Collaborators<br \/> <\/span><\/h2>\n<p>[\/et_pb_text][\/et_pb_column][\/et_pb_row][et_pb_row column_structure=&#8221;3_5,2_5&#8243; _builder_version=&#8221;4.5.3&#8243; _module_preset=&#8221;default&#8221; background_color=&#8221;#fff8ed&#8221; width=&#8221;60%&#8221; width_tablet=&#8221;75%&#8221; width_phone=&#8221;75%&#8221; width_last_edited=&#8221;on|phone&#8221; custom_margin=&#8221;20px||20px||false|false&#8221; custom_padding=&#8221;30px|10px|20px|10px|false|false&#8221; animation_style=&#8221;fade&#8221; hover_transition_duration=&#8221;2000ms&#8221; hover_transition_delay=&#8221;300ms&#8221; hover_transition_duration_tablet=&#8221;&#8221; hover_transition_duration_phone=&#8221;&#8221; hover_transition_duration_last_edited=&#8221;on|desktop&#8221; hover_transition_delay_tablet=&#8221;&#8221; hover_transition_delay_phone=&#8221;&#8221; hover_transition_delay_last_edited=&#8221;on|desktop&#8221; border_color_all=&#8221;#ffffff&#8221; box_shadow_style=&#8221;preset2&#8243; box_shadow_spread=&#8221;-13px&#8221;][et_pb_column type=&#8221;3_5&#8243; _builder_version=&#8221;4.5.3&#8243; _module_preset=&#8221;default&#8221;][et_pb_text _builder_version=&#8221;4.5.3&#8243; _module_preset=&#8221;default&#8221; text_font=&#8221;Alegreya|500|||||||&#8221; text_text_color=&#8221;#000000&#8243; text_font_size=&#8221;21px&#8221; text_line_height=&#8221;1.2em&#8221; width=&#8221;100%&#8221; width_tablet=&#8221;&#8221; width_phone=&#8221;&#8221; width_last_edited=&#8221;on|desktop&#8221; custom_margin=&#8221;|0px||0px|false|false&#8221; custom_margin_tablet=&#8221;&#8221; custom_margin_phone=&#8221;&#8221; custom_margin_last_edited=&#8221;on|desktop&#8221; custom_padding=&#8221;|10px||20px|false|false&#8221; custom_padding_tablet=&#8221;|||10px|false|false&#8221; custom_padding_phone=&#8221;|10px||10px|false|false&#8221; custom_padding_last_edited=&#8221;on|phone&#8221; hover_enabled=&#8221;0&#8243;]<\/p>\n<p><span style=\"font-weight: 400;\">Members of the Y90s Research Team have published on various topics relating to their work on the <\/span><i><span style=\"font-weight: 400;\">Yellow Nineties <\/span><\/i><span style=\"font-weight: 400;\">project. The selected sources below explore topics relating to feminist digital humanities, fin-de-si\u00e8cle queer culture, women designers and arts-and-crafts practices, and the complex relationships between historic print culture and digital media.\u00a0<\/span><\/p>\n<p><span style=\"font-weight: 400;\">Hedley, Alison, and Lorraine Janzen Kooistra. \u201cPrototyping Personography for <\/span><i><span style=\"font-weight: 400;\">The Yellow\u00a0<\/span><\/i><i><span style=\"font-weight: 400;\">Nineties Online<\/span><\/i><span style=\"font-weight: 400;\">: Queering and Querying History in the Digital Age.\u201d <\/span><i><span style=\"font-weight: 400;\">Bodies of Information: Intersectional Feminist Digital Humanities, <\/span><\/i><span style=\"font-weight: 400;\">edited by Elizabeth Losh and Jacqueline Wernimont, Debates in the Digital Humanities Series, University of Minnesota Press, pp. 157-72.<\/span><\/p>\n<p><span style=\"font-weight: 400;\">King, Frederick. \u201cThe Decadent Archive and the Long History of New Media.\u201d <\/span><i><span style=\"font-weight: 400;\">Victorian Periodicals Review, <\/span><\/i><span style=\"font-weight: 400;\">vol. 49. No. 4, Winter 2016, pp. 643-663.<\/span><\/p>\n<p><span style=\"font-weight: 400;\">Kooistra, Lorraine Janzen and Marion Tempest Grant. \u201cWorking Against \u2018that thunderous clamor of the steam press\u2019: Pamela Colman Smith and the Art of Hand-coloured Illustration.\u201d <\/span><i><span style=\"font-weight: 400;\">Nineteenth-Century Women Illustrators and Cartoonists, <\/span><\/i><span style=\"font-weight: 400;\">edited by Joanna Devereaux, Manchester University Press, 2023, pp. 251-67.<\/span><\/p>\n<p><span style=\"font-weight: 400;\">Kooistra, Lorraine Janzen. <\/span><i><span style=\"font-weight: 400;\">Yellow Nineties 2.0, <\/span><\/i><span style=\"font-weight: 400;\">forthcoming in the Digital Scholarship section of the <\/span><i><span style=\"font-weight: 400;\">Victorians Institute Journal, <\/span><\/i><span style=\"font-weight: 400;\">fall 2024.<\/span><\/p>\n<p><span style=\"font-weight: 400;\">\u2014.\u00a0 \u201cThe Little Magazine and\/in Media History.\u201d <\/span><i><span style=\"font-weight: 400;\">Cambridge Companion to Literature in Transition: The 1890s, <\/span><\/i><span style=\"font-weight: 400;\">edited by Kristin Mahoney and Dustin Friedman, Cambridge University Press, 2023, pp. 305-327.\u00a0<\/span><\/p>\n<p><span style=\"font-weight: 400;\">\u2014. \u201cThe Cosmopolitan <\/span><i><span style=\"font-weight: 400;\">Evergreen <\/span><\/i><span style=\"font-weight: 400;\">and the Global Digital.\u201d Special Issue on <\/span><i><span style=\"font-weight: 400;\">Scottish Cosmopolitanism at the Fin de Si\u00e8cle<\/span><\/i><span style=\"font-weight: 400;\">, edited by Mathew Creasy and Michael Shaw, <\/span><i><span style=\"font-weight: 400;\">Studies in Scottish Literature<\/span><\/i><span style=\"font-weight: 400;\">, vol. 48, no. 1, pp. 93-107.<\/span><\/p>\n<p><span style=\"font-weight: 400;\">\u2014. \u201cFundamental Sympathy: The Gothic, the Fin-de-Si\u00e8cle Printing Revival, and the Digital.\u201d <\/span><i><span style=\"font-weight: 400;\">Journal of William Morris Studies. <\/span><\/i><span style=\"font-weight: 400;\">Special Issue on the 130<\/span><span style=\"font-weight: 400;\">th<\/span><span style=\"font-weight: 400;\"> Anniversary of the Kelmscott Press, vol. 24, no. 1, 2020-2021, pp. 6-22.<\/span><\/p>\n<p><span style=\"font-weight: 400;\">\u2014. \u201cReconstruire les R\u00e9seaux Historiques de la Circulation des Imprim\u00e9s \u00e0 l\u2019\u00e8re Num\u00e9rique\u00a0: <\/span><i><span style=\"font-weight: 400;\">The Yellow Nineties Online<\/span><\/i><span style=\"font-weight: 400;\"> et les P\u00e9riodiques Esth\u00e8tes Fin-de-Si\u00e8cles.\u201d [Rebuilding Historical Networks of Print Circulation in the Digital Age: <\/span><i><span style=\"font-weight: 400;\">The Yellow Nineties Online<\/span><\/i><span style=\"font-weight: 400;\"> and Fin-de-Si\u00e8cle Aesthetic Periodicals], translated by \u00c9vangh\u00e9lia Stead<\/span><i><span style=\"font-weight: 400;\">. Europe des revues II<\/span><\/i><span style=\"font-weight: 400;\">, edited by H\u00e9l\u00e8ne V\u00e9drine and \u00c9vangh\u00e9lia Stead, Les Presses de l&#8217;Universit\u00e9 Paris-Sorbonne (PUPS), pp. 803-23.\u00a0<\/span><\/p>\n<p><span style=\"font-weight: 400;\">\u2014. \u201cThe Politics of Ornament: Remediation and\/in <\/span><i><span style=\"font-weight: 400;\">The Evergreen.\u201d English Studies in Canada<\/span><\/i><span style=\"font-weight: 400;\">, vol.<\/span> <span style=\"font-weight: 400;\">41, no.1, pp. 105-28.<\/span><\/p>\n<p><span style=\"font-weight: 400;\">Martin, Rebecca. \u201cTracing the Printed Page Online: Letterpress, Digital Markup and the\u00a0<\/span><span style=\"font-weight: 400;\">Process of Remediating <\/span><i><span style=\"font-weight: 400;\">The Evergreen<\/span><\/i><span style=\"font-weight: 400;\"> for <\/span><i><span style=\"font-weight: 400;\">Yellow Nineties 2.0<\/span><\/i><span style=\"font-weight: 400;\">.\u201d Essays on our Process, <\/span><i><span style=\"font-weight: 400;\">Yellow Nineties 2.0, <\/span><\/i><span style=\"font-weight: 400;\">2019, <\/span><a href=\"https:\/\/1890s.ca\/essay_martin_evergreen_tracing\/\"><span style=\"font-weight: 400;\">https:\/\/1890s.ca\/essay_martin_evergreen_tracing\/<\/span><\/a><\/p>\n<p><span style=\"font-weight: 400;\"><\/span><\/p>\n<p>[\/et_pb_text][\/et_pb_column][et_pb_column type=&#8221;2_5&#8243; _builder_version=&#8221;4.5.3&#8243; _module_preset=&#8221;default&#8221;][et_pb_image src=&#8221;https:\/\/cdh.rula.info\/y90s-launch\/wp-content\/uploads\/sites\/10\/2024\/03\/GSV5-colman-smith-lyceum-illustration-p9-bookmark.jpg&#8221; title_text=&#8221;GSV5-colman-smith-lyceum-illustration-p9-bookmark&#8221; align=&#8221;center&#8221; show_bottom_space_last_edited=&#8221;off|desktop&#8221; _builder_version=&#8221;4.5.3&#8243; _module_preset=&#8221;default&#8221; width=&#8221;100%&#8221; max_width=&#8221;100%&#8221; min_height_tablet=&#8221;&#8221; min_height_phone=&#8221;&#8221; min_height_last_edited=&#8221;on|desktop&#8221; height=&#8221;650px&#8221; max_height_tablet=&#8221;&#8221; max_height_phone=&#8221;&#8221; max_height_last_edited=&#8221;on|phone&#8221; custom_margin=&#8221;0px||||false|false&#8221; custom_margin_tablet=&#8221;&#8221; custom_margin_phone=&#8221;&#8221; custom_margin_last_edited=&#8221;on|desktop&#8221; custom_padding=&#8221;|10px||10px|false|false&#8221; custom_padding_tablet=&#8221;&#8221; custom_padding_phone=&#8221;|40px||40px|false|false&#8221; custom_padding_last_edited=&#8221;on|phone&#8221; hover_transition_duration=&#8221;650ms&#8221; hover_transition_delay=&#8221;50ms&#8221; hover_transition_speed_curve=&#8221;ease-in&#8221; custom_margin__hover_enabled=&#8221;off|desktop&#8221;][\/et_pb_image][et_pb_text _builder_version=&#8221;4.5.3&#8243; _module_preset=&#8221;default&#8221; text_font=&#8221;Alegreya||||||||&#8221; text_font_size=&#8221;14px&#8221; text_line_height=&#8221;1.4em&#8221; module_alignment=&#8221;center&#8221; custom_padding=&#8221;|10px||10px|false|false&#8221;]<\/p>\n<p style=\"text-align: center;\">Detail: Pamela Colman Smith, <a href=\"https:\/\/1890s.ca\/gsv5-smith-lyceum-illustration-p9\/\">Illustration<\/a> for \u201cThe Lament of the Lyceum Rat,\u201d by Mary Brown, <a href=\"https:\/\/1890s.ca\/gsv5-smith-lyceum-illustration-p9\/\"><em><\/em><\/a><em>The Green Sheaf<\/em>, No. 5. 1903.<\/p>\n<p>[\/et_pb_text][\/et_pb_column][\/et_pb_row][\/et_pb_section]<\/p>\n","protected":false},"excerpt":{"rendered":"<p>[et_pb_section fb_built=&#8221;1&#8243; _builder_version=&#8221;4.5.3&#8243; _module_preset=&#8221;default&#8221; background_color=&#8221;#F9F6EE&#8221; z_index=&#8221;60&#8243; width=&#8221;100%&#8221; module_alignment=&#8221;center&#8221; min_height=&#8221;18.1px&#8221; custom_margin=&#8221;||0px||false|false&#8221; custom_padding=&#8221;0px||0px||false|false&#8221; border_color_all=&#8221;#ffffff&#8221;][et_pb_row _builder_version=&#8221;4.5.3&#8243; _module_preset=&#8221;default&#8221; background_color=&#8221;#6b3535&#8243; width=&#8221;100%&#8221; max_width=&#8221;100%&#8221; max_width_last_edited=&#8221;off|desktop&#8221; module_alignment=&#8221;center&#8221; custom_margin=&#8221;0px|0px|0px|0px|false|false&#8221; custom_padding=&#8221;5px|0px|5px|0px|false|false&#8221; module_alignment_tablet=&#8221;&#8221; module_alignment_phone=&#8221;&#8221; module_alignment_last_edited=&#8221;on|desktop&#8221; border_color_all=&#8221;rgba(0,0,0,0)&#8221; border_color_bottom=&#8221;#b3b3b3&#8243;][et_pb_column type=&#8221;4_4&#8243; _builder_version=&#8221;4.5.3&#8243; _module_preset=&#8221;default&#8221;][et_pb_menu menu_style=&#8221;centered&#8221; dropdown_menu_bg_color=&#8221;#ffffff&#8221; dropdown_menu_line_color=&#8221;#ffffff&#8221; dropdown_menu_text_color=&#8221;#000000&#8243; dropdown_menu_active_link_color=&#8221;#0c71c3&#8243; mobile_menu_bg_color=&#8221;#ffffff&#8221; mobile_menu_text_color=&#8221;#000000&#8243; _builder_version=&#8221;4.5.3&#8243; _module_preset=&#8221;default&#8221; menu_font=&#8221;Alegreya Sans SC||||||||&#8221; menu_text_color=&#8221;#ffffff&#8221; menu_font_size=&#8221;15px&#8221; menu_letter_spacing=&#8221;1px&#8221; background_color=&#8221;#6b3535&#8243; width=&#8221;100%&#8221; module_alignment=&#8221;right&#8221; overflow-x=&#8221;visible&#8221; overflow-y=&#8221;visible&#8221; custom_margin=&#8221;|0px||0px|false|false&#8221; custom_padding=&#8221;|||0px|false|false&#8221;][\/et_pb_menu][\/et_pb_column][\/et_pb_row][\/et_pb_section][et_pb_section fb_built=&#8221;1&#8243; _builder_version=&#8221;4.5.3&#8243; _module_preset=&#8221;default&#8221; background_color=&#8221;#f9efd1&#8243; [&hellip;]<\/p>\n","protected":false},"author":3,"featured_media":0,"parent":0,"menu_order":0,"comment_status":"closed","ping_status":"closed","template":"page-template-blank.php","meta":{"_et_pb_use_builder":"on","_et_pb_old_content":"","_et_gb_content_width":"","footnotes":""},"categories":[],"tags":[],"class_list":["post-402","page","type-page","status-publish","hentry"],"_links":{"self":[{"href":"https:\/\/cdh.rula.info\/y90s-launch\/wp-json\/wp\/v2\/pages\/402","targetHints":{"allow":["GET"]}}],"collection":[{"href":"https:\/\/cdh.rula.info\/y90s-launch\/wp-json\/wp\/v2\/pages"}],"about":[{"href":"https:\/\/cdh.rula.info\/y90s-launch\/wp-json\/wp\/v2\/types\/page"}],"author":[{"embeddable":true,"href":"https:\/\/cdh.rula.info\/y90s-launch\/wp-json\/wp\/v2\/users\/3"}],"replies":[{"embeddable":true,"href":"https:\/\/cdh.rula.info\/y90s-launch\/wp-json\/wp\/v2\/comments?post=402"}],"version-history":[{"count":9,"href":"https:\/\/cdh.rula.info\/y90s-launch\/wp-json\/wp\/v2\/pages\/402\/revisions"}],"predecessor-version":[{"id":620,"href":"https:\/\/cdh.rula.info\/y90s-launch\/wp-json\/wp\/v2\/pages\/402\/revisions\/620"}],"wp:attachment":[{"href":"https:\/\/cdh.rula.info\/y90s-launch\/wp-json\/wp\/v2\/media?parent=402"}],"wp:term":[{"taxonomy":"category","embeddable":true,"href":"https:\/\/cdh.rula.info\/y90s-launch\/wp-json\/wp\/v2\/categories?post=402"},{"taxonomy":"post_tag","embeddable":true,"href":"https:\/\/cdh.rula.info\/y90s-launch\/wp-json\/wp\/v2\/tags?post=402"}],"curies":[{"name":"wp","href":"https:\/\/api.w.org\/{rel}","templated":true}]}}